{"id":763,"date":"2016-10-17T17:33:15","date_gmt":"2016-10-17T15:33:15","guid":{"rendered":"http:\/\/eteron.pl\/en\/avrio-media\/"},"modified":"2016-10-21T13:25:23","modified_gmt":"2016-10-21T11:25:23","slug":"avrio-media","status":"publish","type":"page","link":"https:\/\/eteron.pl\/en\/avrio-media\/","title":{"rendered":"Avrio Media"},"content":{"rendered":"<p>[et_pb_section admin_label=&#8221;section&#8221; transparent_background=&#8221;off&#8221; allow_player_pause=&#8221;off&#8221; inner_shadow=&#8221;off&#8221; parallax=&#8221;off&#8221; parallax_method=&#8221;off&#8221; custom_padding=&#8221;150px||125px|&#8221; padding_mobile=&#8221;on&#8221; make_fullwidth=&#8221;off&#8221; use_custom_width=&#8221;off&#8221; width_unit=&#8221;on&#8221; make_equal=&#8221;off&#8221; use_custom_gutter=&#8221;off&#8221;][et_pb_row admin_label=&#8221;row&#8221;][et_pb_column type=&#8221;1_2&#8243;][\/et_pb_column][et_pb_column type=&#8221;1_2&#8243;][et_pb_text admin_label=&#8221;Tekst&#8221; background_layout=&#8221;light&#8221; text_orientation=&#8221;center&#8221; text_font=&#8221;|||on|&#8221; use_border_color=&#8221;off&#8221; border_style=&#8221;solid&#8221; disabled=&#8221;off&#8221; border_color=&#8221;#ffffff&#8221; custom_margin=&#8221;0px|0px|0px|0px&#8221; custom_padding=&#8221;0px|0px|0px|0px&#8221;]<\/p>\n<h3>Avrio Media<\/h3>\n<p>[\/et_pb_text][et_pb_divider admin_label=&#8221;Separator&#8221; color=&#8221;rgba(0,0,0,0.25)&#8221; show_divider=&#8221;on&#8221; height=&#8221;2&#8243; divider_style=&#8221;solid&#8221; divider_position=&#8221;center&#8221; divider_weight=&#8221;2px&#8221; hide_on_mobile=&#8221;off&#8221; custom_css_main_element=&#8221;width: 50px !important;||margin: auto;||text-align: center;&#8221;]<\/p>\n<p>[\/et_pb_divider][\/et_pb_column][\/et_pb_row][et_pb_row admin_label=&#8221;row&#8221; make_fullwidth=&#8221;off&#8221; use_custom_width=&#8221;off&#8221; width_unit=&#8221;off&#8221; use_custom_gutter=&#8221;off&#8221; padding_mobile=&#8221;off&#8221; allow_player_pause=&#8221;off&#8221; parallax=&#8221;off&#8221; parallax_method=&#8221;on&#8221; make_equal=&#8221;off&#8221; column_padding_mobile=&#8221;on&#8221; parallax_1=&#8221;off&#8221; parallax_method_1=&#8221;on&#8221; parallax_2=&#8221;off&#8221; parallax_method_2=&#8221;on&#8221; parallax_3=&#8221;off&#8221; parallax_method_3=&#8221;on&#8221; parallax_4=&#8221;off&#8221; parallax_method_4=&#8221;on&#8221; disabled=&#8221;off&#8221;][et_pb_column type=&#8221;1_2&#8243;][et_pb_image admin_label=&#8221;Obraz&#8221; src=&#8221;http:\/\/eteron.pl\/wp-content\/uploads\/avrio-media-logo.png&#8221; show_in_lightbox=&#8221;off&#8221; url_new_window=&#8221;off&#8221; use_overlay=&#8221;off&#8221; animation=&#8221;off&#8221; sticky=&#8221;off&#8221; align=&#8221;center&#8221; max_width=&#8221;350px&#8221; force_fullwidth=&#8221;off&#8221; always_center_on_mobile=&#8221;on&#8221; use_border_color=&#8221;off&#8221; border_color=&#8221;#ffffff&#8221; border_style=&#8221;solid&#8221; alt=&#8221;Logo Avrio Media&#8221; title_text=&#8221;Logo Avrio Media&#8221; custom_margin=&#8221;||50px|&#8221;]<\/p>\n<p>[\/et_pb_image][\/et_pb_column][et_pb_column type=&#8221;1_2&#8243;][et_pb_text admin_label=&#8221;Tekst&#8221; background_layout=&#8221;light&#8221; text_orientation=&#8221;left&#8221; use_border_color=&#8221;off&#8221; border_color=&#8221;#ffffff&#8221; border_style=&#8221;solid&#8221;]<\/p>\n<p>Avrio Media is a company dedicated to the distribution and sale of natural gas in four Wielkopolska municipalities: Wronki, S\u0142upca, Golina and Staw.<\/p>\n<p>The first gas supply pipeline to Zak\u0142ad Przemys\u0142u Ziemniaczanego in Wronki was built in July 2006. Strong interest of local residents, despite the operation of Polskie G\u00f3rnictwo Naftowe i Gazownictwo in the area, resulted in building more than 5 km of the pipeline in the towns of Biezdrowo, Pierwoszewo, \u0106machowo, Popowo, Nowa Wie\u015b and Stare Miasto.<\/p>\n<p>The company continues to seek new locations that could be supplied with gas.  In 2008, it was decided to supply gas to the town and municipality of S\u0142upca. S\u0142upca is a district town of less than 14,000 inhabitants and a very prosperous local economy. Its unique asset is a direct exit from the A2 motorway.<\/p>\n<p>In January 2011, the company acquired the status of the Distribution System Operator under the decision of the President of the Energy Regulatory Office who takes account of the operator&#8217;s economic efficiency, effectiveness of gas system management and security of gas supply. It was a very important event because at that time the company was the only one with the status of DSO outside the PGNiG Group.<\/p>\n<p>In 2010, the company decided to use European funds for the expansion of gas network and therefore it was able to start supplying gas to the town and municipality of Golina. The investment perfectly fit in the existing infrastructure network due to its location along the A2 motorway and the possibility for connecting S\u0142upca to Golina with almost 20 km of gas transmission.<\/p>\n<p>Flexible approach to the customer, quick decision-making and timely investments has led the company to have today nearly 400 customers, annual sales of 6.5 million m3 of gas and nearly 100 km of medium pressure gas network. Moreover, it continues to connect new customers.<\/p>\n<p><strong>Leader: <a href=\"ma&#105;&#108;&#x74;&#x6f;&#x3a;&#x61;de&#107;&#101;&#x72;&#x74;&#x40;&#x61;vr&#105;&#111;&#109;&#x65;&#x64;&#x69;&#x61;&#46;p&#108;\">Adrian Dekert<\/a><br \/>\nWebsite: <a href=\"http:\/\/avriomedia.pl\">avriomedia.pl<\/a><\/strong><\/p>\n<p>[\/et_pb_text][\/et_pb_column][\/et_pb_row][\/et_pb_section]<\/p>\n","protected":false},"excerpt":{"rendered":"<p>Avrio Media Avrio Media is a company dedicated to the distribution and sale of natural gas in four Wielkopolska municipalities: Wronki, S\u0142upca, Golina and Staw. The first gas supply pipeline to Zak\u0142ad Przemys\u0142u Ziemniaczanego in Wronki was built in July 2006. Strong interest of local residents, despite the operation of Polskie G\u00f3rnictwo Naftowe i Gazownictwo [&hellip;]<\/p>\n","protected":false},"author":2,"featured_media":0,"parent":0,"menu_order":0,"comment_status":"closed","ping_status":"closed","template":"","meta":{"_et_pb_use_builder":"on","_et_pb_old_content":"","_et_gb_content_width":"","footnotes":""},"yoast_head":"<!-- This site is optimized with the Yoast SEO plugin v22.1 - https:\/\/yoast.com\/wordpress\/plugins\/seo\/ -->\n<title>Avrio Media | The Eteron Group<\/title>\n<meta name=\"description\" content=\"Avrio Media owns a gas network in S\u0142upca, Golina and Wronki in the Wielokpolskie province. It handles transfer, distribution and trading of liquid fuels.\" \/>\n<meta name=\"robots\" content=\"index, follow, max-snippet:-1, max-image-preview:large, max-video-preview:-1\" \/>\n<link rel=\"canonical\" href=\"https:\/\/eteron.pl\/en\/avrio-media\/\" \/>\n<meta property=\"og:locale\" content=\"en_US\" \/>\n<meta property=\"og:type\" content=\"article\" \/>\n<meta property=\"og:title\" content=\"Avrio Media | The Eteron Group\" \/>\n<meta property=\"og:description\" content=\"Avrio Media owns a gas network in S\u0142upca, Golina and Wronki in the Wielokpolskie province. It handles transfer, distribution and trading of liquid fuels.\" \/>\n<meta property=\"og:url\" content=\"https:\/\/eteron.pl\/en\/avrio-media\/\" \/>\n<meta property=\"og:site_name\" content=\"Eteron Sp. z o.o.\" \/>\n<meta property=\"article:modified_time\" content=\"2016-10-21T11:25:23+00:00\" \/>\n<meta name=\"twitter:label1\" content=\"Est. reading time\" \/>\n\t<meta name=\"twitter:data1\" content=\"3 minutes\" \/>\n<script type=\"application\/ld+json\" class=\"yoast-schema-graph\">{\"@context\":\"https:\/\/schema.org\",\"@graph\":[{\"@type\":\"WebPage\",\"@id\":\"https:\/\/eteron.pl\/en\/avrio-media\/\",\"url\":\"https:\/\/eteron.pl\/en\/avrio-media\/\",\"name\":\"Avrio Media | The Eteron Group\",\"isPartOf\":{\"@id\":\"https:\/\/eteron.pl\/#website\"},\"datePublished\":\"2016-10-17T15:33:15+00:00\",\"dateModified\":\"2016-10-21T11:25:23+00:00\",\"description\":\"Avrio Media owns a gas network in S\u0142upca, Golina and Wronki in the Wielokpolskie province. It handles transfer, distribution and trading of liquid fuels.\",\"breadcrumb\":{\"@id\":\"https:\/\/eteron.pl\/en\/avrio-media\/#breadcrumb\"},\"inLanguage\":\"en-US\",\"potentialAction\":[{\"@type\":\"ReadAction\",\"target\":[\"https:\/\/eteron.pl\/en\/avrio-media\/\"]}]},{\"@type\":\"BreadcrumbList\",\"@id\":\"https:\/\/eteron.pl\/en\/avrio-media\/#breadcrumb\",\"itemListElement\":[{\"@type\":\"ListItem\",\"position\":1,\"name\":\"Strona g\u0142\u00f3wna\",\"item\":\"https:\/\/eteron.pl\/en\/\"},{\"@type\":\"ListItem\",\"position\":2,\"name\":\"Avrio Media\"}]},{\"@type\":\"WebSite\",\"@id\":\"https:\/\/eteron.pl\/#website\",\"url\":\"https:\/\/eteron.pl\/\",\"name\":\"Eteron Sp. z o.o.\",\"description\":\"\",\"potentialAction\":[{\"@type\":\"SearchAction\",\"target\":{\"@type\":\"EntryPoint\",\"urlTemplate\":\"https:\/\/eteron.pl\/?s={search_term_string}\"},\"query-input\":\"required name=search_term_string\"}],\"inLanguage\":\"en-US\"}]}<\/script>\n<!-- \/ Yoast SEO plugin. -->","yoast_head_json":{"title":"Avrio Media | The Eteron Group","description":"Avrio Media owns a gas network in S\u0142upca, Golina and Wronki in the Wielokpolskie province. It handles transfer, distribution and trading of liquid fuels.","robots":{"index":"index","follow":"follow","max-snippet":"max-snippet:-1","max-image-preview":"max-image-preview:large","max-video-preview":"max-video-preview:-1"},"canonical":"https:\/\/eteron.pl\/en\/avrio-media\/","og_locale":"en_US","og_type":"article","og_title":"Avrio Media | The Eteron Group","og_description":"Avrio Media owns a gas network in S\u0142upca, Golina and Wronki in the Wielokpolskie province. It handles transfer, distribution and trading of liquid fuels.","og_url":"https:\/\/eteron.pl\/en\/avrio-media\/","og_site_name":"Eteron Sp. z o.o.","article_modified_time":"2016-10-21T11:25:23+00:00","twitter_misc":{"Est. reading time":"3 minutes"},"schema":{"@context":"https:\/\/schema.org","@graph":[{"@type":"WebPage","@id":"https:\/\/eteron.pl\/en\/avrio-media\/","url":"https:\/\/eteron.pl\/en\/avrio-media\/","name":"Avrio Media | The Eteron Group","isPartOf":{"@id":"https:\/\/eteron.pl\/#website"},"datePublished":"2016-10-17T15:33:15+00:00","dateModified":"2016-10-21T11:25:23+00:00","description":"Avrio Media owns a gas network in S\u0142upca, Golina and Wronki in the Wielokpolskie province. It handles transfer, distribution and trading of liquid fuels.","breadcrumb":{"@id":"https:\/\/eteron.pl\/en\/avrio-media\/#breadcrumb"},"inLanguage":"en-US","potentialAction":[{"@type":"ReadAction","target":["https:\/\/eteron.pl\/en\/avrio-media\/"]}]},{"@type":"BreadcrumbList","@id":"https:\/\/eteron.pl\/en\/avrio-media\/#breadcrumb","itemListElement":[{"@type":"ListItem","position":1,"name":"Strona g\u0142\u00f3wna","item":"https:\/\/eteron.pl\/en\/"},{"@type":"ListItem","position":2,"name":"Avrio Media"}]},{"@type":"WebSite","@id":"https:\/\/eteron.pl\/#website","url":"https:\/\/eteron.pl\/","name":"Eteron Sp. z o.o.","description":"","potentialAction":[{"@type":"SearchAction","target":{"@type":"EntryPoint","urlTemplate":"https:\/\/eteron.pl\/?s={search_term_string}"},"query-input":"required name=search_term_string"}],"inLanguage":"en-US"}]}},"_links":{"self":[{"href":"https:\/\/eteron.pl\/en\/wp-json\/wp\/v2\/pages\/763"}],"collection":[{"href":"https:\/\/eteron.pl\/en\/wp-json\/wp\/v2\/pages"}],"about":[{"href":"https:\/\/eteron.pl\/en\/wp-json\/wp\/v2\/types\/page"}],"author":[{"embeddable":true,"href":"https:\/\/eteron.pl\/en\/wp-json\/wp\/v2\/users\/2"}],"replies":[{"embeddable":true,"href":"https:\/\/eteron.pl\/en\/wp-json\/wp\/v2\/comments?post=763"}],"version-history":[{"count":3,"href":"https:\/\/eteron.pl\/en\/wp-json\/wp\/v2\/pages\/763\/revisions"}],"predecessor-version":[{"id":766,"href":"https:\/\/eteron.pl\/en\/wp-json\/wp\/v2\/pages\/763\/revisions\/766"}],"wp:attachment":[{"href":"https:\/\/eteron.pl\/en\/wp-json\/wp\/v2\/media?parent=763"}],"curies":[{"name":"wp","href":"https:\/\/api.w.org\/{rel}","templated":true}]}}