{"id":459,"date":"2016-03-18T10:29:23","date_gmt":"2016-03-18T09:29:23","guid":{"rendered":"http:\/\/eteron.pl\/en\/?page_id=459"},"modified":"2016-03-18T13:45:54","modified_gmt":"2016-03-18T12:45:54","slug":"cookies-policy","status":"publish","type":"page","link":"https:\/\/eteron.pl\/en\/cookies-policy\/","title":{"rendered":"Cookies Policy"},"content":{"rendered":"<p>[et_pb_section fullwidth=&#8221;off&#8221; specialty=&#8221;off&#8221; transparent_background=&#8221;off&#8221; background_color=&#8221;#666666&#8243; inner_shadow=&#8221;off&#8221; parallax=&#8221;off&#8221; parallax_method=&#8221;off&#8221; allow_player_pause=&#8221;off&#8221; module_id=&#8221;cookies&#8221;][et_pb_row][et_pb_column type=&#8221;4_4&#8243;][et_pb_divider admin_label=&#8221;Divider&#8221; color=&#8221;#ffffff&#8221; show_divider=&#8221;off&#8221; height=&#8221;50&#8243; \/][et_pb_text admin_label=&#8221;Text&#8221; background_layout=&#8221;dark&#8221; text_orientation=&#8221;left&#8221; module_class=&#8221;sekcja&#8221;]<\/p>\n<h3>Cookies Policy<\/h3>\n<p>[\/et_pb_text][\/et_pb_column][\/et_pb_row][\/et_pb_section][et_pb_section][et_pb_row][et_pb_column type=&#8221;2_3&#8243;][et_pb_text admin_label=&#8221;Text&#8221; background_layout=&#8221;light&#8221; text_orientation=&#8221;left&#8221;]<\/p>\n<h2>What are Cookies?<\/h2>\n<p>Cookies are small files saved and stored on your computer, tablet or smartphone while you visiting various webpages. A cookie typically contains the name of its original website, &#8220;lifespan&#8221; (i.e. its designed lifetime) and a randomly generated unique number used to identify the browser used to access the website.<\/p>\n<h4>Cookies Policy<\/h4>\n<p>1. As a part of content and services provided on Eteron.pl website, we use cookies, i.e. data saved by servers on the user&#8217;s device, which may be read by servers whenever the device accesses the website. We may also use other technologies with functions similar or identical to cookies. Information on cookies, contained in this document, applies also to other similar technologies used on our websites. Cookies are data files, in particular text files that are stored in the terminal equipment of users of Eteron.pl website. Cookies typically contain the name of their original website domain, their storage time on the terminal device and a unique number.<\/p>\n<p>2. Cookies are used to:<\/p>\n<ul>\n<li>adjust the content of the website to user preferences and to optimize the use of websites; in particular, cookies are used to recognize the device of a website user and to properly display the website, adapting it to individual needs,<\/li>\n<li>generate statistics that help us to understand how users of the website use it, in order to improve its structure and content,<\/li>\n<\/ul>\n<p>3. On Eteron.pl we use the following types of cookies:<\/p>\n<ul>\n<li>&#8220;essential&#8221; cookies, enabling users to use of the services offered by the website, e.g. authentication cookies for services that require user authentication,<\/li>\n<li>cookies used to ensure safety, e.g. for detecting frauds in authentication within the website,<\/li>\n<li>cookies used to record the user&#8217;s browsing activity,<\/li>\n<li>&#8220;functional&#8221; cookies enabling us to remember the user-specific settings and personalize the user interface e.g. language preferences, user region, font size, appearance of the website, etc.<\/li>\n<\/ul>\n<p>4. In many cases, the software used to browse the web (browser) by default allows storage of cookies in the terminal equipment of the user. Users of our website may change settings for cookies at any time. These settings may be changed, in particular to disable automatic handling of cookies by the user&#8217;s web browser or to inform the user every time cookies are saved on the user&#8217;s device. Detailed information on the methods and options for handling cookies are available in the software settings (web browser). When settings for cookies are not changed, this means that the user agrees to store them on the user&#8217;s terminal device, enabling us to store and access the information from cookies on his\/her device.<\/p>\n<p>5. Disabling cookies may cause some inconvenience in using certain services on our websites. However, after disabling cookies you may still read and browse the content of Eteron.pl.<\/p>\n<h2>How can I disable cookies in my browser?<\/h2>\n<ul>\n<li><a href=\"http:\/\/help.opera.com\/Windows\/12.10\/pl\/cookies.html\">Opera<\/a><\/li>\n<li><a href=\"http:\/\/support.mozilla.org\/pl\/kb\/W%C5%82%C4%85czanie%20i%20wy%C5%82%C4%85czanie%20obs%C5%82ugi%20ciasteczek\">Firefox<\/a><\/li>\n<li><a href=\"http:\/\/support.google.com\/chrome\/bin\/answer.py?hl=pl&amp;answer=95647\">Chrome<\/a><\/li>\n<li><a href=\"http:\/\/windows.microsoft.com\/pl-pl\/windows7\/block-enable-or-allow-cookies\">Internet Explorer<\/a><\/li>\n<li><a href=\"http:\/\/support.apple.com\/kb\/PH5042\">Safari<\/a><\/li>\n<\/ul>\n<p>[\/et_pb_text][\/et_pb_column][et_pb_column type=&#8221;1_3&#8243;][et_pb_divider admin_label=&#8221;Divider&#8221; color=&#8221;#ffffff&#8221; show_divider=&#8221;off&#8221; \/][\/et_pb_column][\/et_pb_row][\/et_pb_section]<\/p>\n","protected":false},"excerpt":{"rendered":"<p><div class=\"et_pb_row et_pb_row_0 et_pb_row_empty\">\n\t\t\t\t\n\t\t\t\t\n\t\t\t\t\n\t\t\t\t\n\t\t\t\t\n\t\t\t<\/div>Cookies Policy<div class=\"et_pb_section et_pb_section_0 et_section_regular\" >\n\t\t\t\t\n\t\t\t\t\n\t\t\t\t\n\t\t\t\t\n\t\t\t\t\n\t\t\t\t\n\t\t\t\t\n\t\t\t\t\n\t\t\t\t\n\t\t\t<\/div><div class=\"et_pb_row et_pb_row_1 et_pb_row_empty\">\n\t\t\t\t\n\t\t\t\t\n\t\t\t\t\n\t\t\t\t\n\t\t\t\t\n\t\t\t<\/div>What are Cookies? Cookies are small files saved and stored on your computer, tablet or smartphone while you visiting various webpages. A cookie typically contains the name of its original website, &#8220;lifespan&#8221; (i.e. its designed lifetime) and a randomly generated unique number used to identify the browser used to access the website. Cookies Policy [&hellip;]<\/p>\n","protected":false},"author":2,"featured_media":0,"parent":0,"menu_order":0,"comment_status":"closed","ping_status":"closed","template":"","meta":{"_et_pb_use_builder":"on","_et_pb_old_content":"[et_pb_section fullwidth=\"off\" specialty=\"off\" transparent_background=\"off\" background_color=\"#666666\" inner_shadow=\"off\" parallax=\"off\" parallax_method=\"off\" allow_player_pause=\"off\" module_id=\"cookies\"][et_pb_row][et_pb_column type=\"4_4\"][et_pb_divider admin_label=\"Divider\" color=\"#ffffff\" show_divider=\"off\" height=\"50\" \/][et_pb_text admin_label=\"Text\" background_layout=\"dark\" text_orientation=\"left\" module_class=\"sekcja\"]<h3>Polityka plik\u00f3w cookie<\/h3>[\/et_pb_text][\/et_pb_column][\/et_pb_row][\/et_pb_section][et_pb_section][et_pb_row][et_pb_column type=\"2_3\"][et_pb_text admin_label=\"Text\" background_layout=\"light\" text_orientation=\"left\"]<h2>Czym s\u0105 pliki Cookie<\/h2>\r\nCiasteczka (ang. cookies) to\u00a0niewielkie pliki, zapisywane i\u00a0przechowywane na\u00a0twoim komputerze, tablecie lub smartphonie podczas gdy\u00a0odwiedzasz r\u00f3\u017cne strony w\u00a0internecie. Ciasteczko zazwyczaj zawiera nazw\u0119 strony internetowej, z\u00a0kt\u00f3rej pochodzi, \u201ed\u0142ugo\u015b\u0107 \u017cycia\u201d ciasteczka (to\u00a0znaczy czas jego istnienia), oraz\u00a0przypadkowo wygenerowany unikalny numer s\u0142u\u017c\u0105cy do\u00a0identyfikacji przegl\u0105darki, z\u00a0jakiej nast\u0119puje po\u0142\u0105czenie ze\u00a0stron\u0105 internetow\u0105.\r\n<h4>Polityka plik\u00f3w Cookie<\/h4>\r\n1. W\u00a0zwi\u0105zku z\u00a0udost\u0119pnianiem zawarto\u015bci serwisu internetowego Eteron.pl, stosuje si\u0119 tzw. cookies, tj.\u00a0informacje zapisywane przez serwery na\u00a0urz\u0105dzeniu ko\u0144cowym u\u017cytkownika, kt\u00f3re serwery mog\u0105 odczyta\u0107 przy ka\u017cdorazowym po\u0142\u0105czeniu si\u0119 z\u00a0tego urz\u0105dzenia ko\u0144cowego, mo\u017ce tak\u017ce u\u017cywa\u0107 innych technologii o\u00a0funkcjach podobnych lub to\u017csamych z\u00a0cookies. W\u00a0niniejszym dokumencie, informacje dotycz\u0105ce cookies maj\u0105 zastosowanie r\u00f3wnie\u017c do\u00a0innych podobnych technologii stosowanych w\u00a0ramach naszych serwis\u00f3w internetowych. Pliki cookies (tzw. \u201eciasteczka\u201d) stanowi\u0105 dane informatyczne, w\u00a0szczeg\u00f3lno\u015bci pliki tekstowe, kt\u00f3re przechowywane s\u0105 w\u00a0urz\u0105dzeniu ko\u0144cowym u\u017cytkownika serwisu internetowego Eteron.pl. Cookies zazwyczaj zawieraj\u0105 nazw\u0119 domeny serwisu internetowego, z\u00a0kt\u00f3rego pochodz\u0105, czas przechowywania ich na\u00a0urz\u0105dzeniu ko\u0144cowym oraz\u00a0unikalny numer.\r\n\r\n2. Pliki cookies wykorzystywane s\u0105 w\u00a0celu:\r\n<ul>\r\n\t<li>dostosowania zawarto\u015bci stron serwisu internetowego do\u00a0preferencji u\u017cytkownika oraz\u00a0optymalizacji korzystania ze\u00a0stron internetowych; w\u00a0szczeg\u00f3lno\u015bci pliki te pozwalaj\u0105 rozpozna\u0107 urz\u0105dzenie u\u017cytkownika serwisu internetowego i\u00a0odpowiednio wy\u015bwietli\u0107 stron\u0119 internetow\u0105, dostosowan\u0105 do\u00a0jego indywidualnych potrzeb,<\/li>\r\n\t<li>tworzenia statystyk, kt\u00f3re pomagaj\u0105 zrozumie\u0107, w\u00a0jaki spos\u00f3b u\u017cytkownicy serwisu korzystaj\u0105 ze\u00a0stron internetowych, co umo\u017cliwia ulepszanie ich struktury i\u00a0zawarto\u015bci,<\/li>\r\n<\/ul>\r\n3. W\u00a0ramach serwisu internetowego Eteron.pl, mo\u017cemy stosowa\u0107 nast\u0119puj\u0105ce rodzaje plik\u00f3w cookies:\r\n<ul>\r\n\t<li>\u201eniezb\u0119dne\u201d pliki cookies, umo\u017cliwiaj\u0105ce korzystanie z\u00a0us\u0142ug dost\u0119pnych w\u00a0ramach serwisu internetowego, np.\u00a0uwierzytelniaj\u0105ce pliki cookies wykorzystywane do\u00a0us\u0142ug wymagaj\u0105cych uwierzytelniania w\u00a0ramach serwisu,<\/li>\r\n\t<li>pliki cookies s\u0142u\u017c\u0105ce do\u00a0zapewnienia bezpiecze\u0144stwa, np.\u00a0wykorzystywane do\u00a0wykrywania nadu\u017cy\u0107 w\u00a0zakresie uwierzytelniania w\u00a0ramach serwisu,<\/li>\r\n\t<li>pliki cookies, umo\u017cliwiaj\u0105ce zbieranie informacji o\u00a0sposobie korzystania ze\u00a0stron internetowych serwisu,<\/li>\r\n\t<li>\u201efunkcjonalne\u201d pliki cookies, umo\u017cliwiaj\u0105ce \u201ezapami\u0119tanie\u201d wybranych przez u\u017cytkownika ustawie\u0144 i\u00a0personalizacj\u0119 interfejsu u\u017cytkownika, np.\u00a0w\u00a0zakresie wybranego j\u0119zyka lub regionu, z\u00a0kt\u00f3rego pochodzi u\u017cytkownik, rozmiaru czcionki, wygl\u0105du strony internetowej itp.,<\/li>\r\n<\/ul>\r\n4. W\u00a0wielu przypadkach oprogramowanie s\u0142u\u017c\u0105ce do\u00a0przegl\u0105dania stron internetowych (przegl\u0105darka internetowa) domy\u015blnie dopuszcza przechowywanie plik\u00f3w cookies w\u00a0urz\u0105dzeniu ko\u0144cowym u\u017cytkownika. U\u017cytkownicy serwisu mog\u0105 dokona\u0107 w\u00a0ka\u017cdym czasie zmiany ustawie\u0144 dotycz\u0105cych plik\u00f3w cookies. Ustawienia te mog\u0105 zosta\u0107 zmienione w\u00a0szczeg\u00f3lno\u015bci w\u00a0taki spos\u00f3b, aby blokowa\u0107 automatyczn\u0105 obs\u0142ug\u0119 plik\u00f3w cookies w\u00a0ustawieniach przegl\u0105darki internetowej b\u0105d\u017a informowa\u0107 o\u00a0ich ka\u017cdorazowym zamieszczeniu w\u00a0urz\u0105dzeniu u\u017cytkownika serwisu internetowego. Szczeg\u00f3\u0142owe informacje o\u00a0mo\u017cliwo\u015bci i\u00a0sposobach obs\u0142ugi plik\u00f3w cookies dost\u0119pne s\u0105 w\u00a0ustawieniach oprogramowania (przegl\u0105darki internetowej). Niedokonanie zmiany ustawie\u0144 w\u00a0zakresie cookies oznacza, \u017ce\u00a0b\u0119d\u0105 one zamieszczone w\u00a0urz\u0105dzeniu ko\u0144cowym u\u017cytkownika, a\u00a0tym samym b\u0119dziemy przechowywa\u0107 informacje w\u00a0urz\u0105dzeniu ko\u0144cowym u\u017cytkownika i\u00a0uzyskiwa\u0107 dost\u0119p do\u00a0tych informacji.\r\n\r\n5. Wy\u0142\u0105czenie stosowania cookies mo\u017ce spowodowa\u0107 utrudnienia korzystanie z\u00a0niekt\u00f3rych us\u0142ug w\u00a0ramach naszych serwis\u00f3w internetowych. Wy\u0142\u0105czenie opcji przyjmowania cookies nie powoduje natomiast braku mo\u017cliwo\u015bci czytania lub ogl\u0105dania tre\u015bci zamieszczanych w\u00a0serwisie internetowym Eteron.pl.\r\n<h2>Jak wy\u0142\u0105czy\u0107 pliki cookie w\u00a0przegl\u0105darce ?<\/h2>\r\n<ul>\r\n\t<li><a href=\"http:\/\/help.opera.com\/Windows\/12.10\/pl\/cookies.html\">Przegl\u0105darka Opera<\/a><\/li>\r\n\t<li><a href=\"http:\/\/support.mozilla.org\/pl\/kb\/W%C5%82%C4%85czanie%20i%20wy%C5%82%C4%85czanie%20obs%C5%82ugi%20ciasteczek\">Przegl\u0105darka Firefox<\/a><\/li>\r\n\t<li><a href=\"http:\/\/support.google.com\/chrome\/bin\/answer.py?hl=pl&answer=95647\">Przegl\u0105darka Chrome<\/a><\/li>\r\n\t<li><a href=\"http:\/\/windows.microsoft.com\/pl-pl\/windows7\/block-enable-or-allow-cookies\">Przegl\u0105darka Internet Explorer<\/a><\/li>\r\n\t<li><a href=\"http:\/\/support.apple.com\/kb\/PH5042\">Przegl\u0105darka Safari<\/a><\/li>\r\n<\/ul>[\/et_pb_text][\/et_pb_column][et_pb_column type=\"1_3\"][et_pb_divider admin_label=\"Divider\" color=\"#ffffff\" show_divider=\"off\" \/][\/et_pb_column][\/et_pb_row][\/et_pb_section]","_et_gb_content_width":"","footnotes":""},"yoast_head":"<!-- This site is optimized with the Yoast SEO plugin v22.1 - https:\/\/yoast.com\/wordpress\/plugins\/seo\/ -->\n<title>Cookies Policy | Eteron Sp. z o.o. [Ltd.]<\/title>\n<meta name=\"robots\" content=\"noindex, nofollow\" \/>\n<meta property=\"og:locale\" content=\"en_US\" \/>\n<meta property=\"og:type\" content=\"article\" \/>\n<meta property=\"og:title\" content=\"Cookies Policy | Eteron Sp. z o.o. [Ltd.]\" \/>\n<meta property=\"og:description\" content=\"Cookies PolicyWhat are Cookies? Cookies are small files saved and stored on your computer, tablet or smartphone while you visiting various webpages. A cookie typically contains the name of its original website, &quot;lifespan&quot; (i.e. its designed lifetime) and a randomly generated unique number used to identify the browser used to access the website. Cookies Policy [&hellip;]\" \/>\n<meta property=\"og:url\" content=\"https:\/\/eteron.pl\/en\/cookies-policy\/\" \/>\n<meta property=\"og:site_name\" content=\"Eteron Sp. z o.o.\" \/>\n<meta property=\"article:modified_time\" content=\"2016-03-18T12:45:54+00:00\" \/>\n<meta name=\"twitter:label1\" content=\"Est. reading time\" \/>\n\t<meta name=\"twitter:data1\" content=\"3 minutes\" \/>\n<script type=\"application\/ld+json\" class=\"yoast-schema-graph\">{\"@context\":\"https:\/\/schema.org\",\"@graph\":[{\"@type\":\"WebPage\",\"@id\":\"https:\/\/eteron.pl\/en\/cookies-policy\/\",\"url\":\"https:\/\/eteron.pl\/en\/cookies-policy\/\",\"name\":\"Cookies Policy | Eteron Sp. z o.o. [Ltd.]\",\"isPartOf\":{\"@id\":\"https:\/\/eteron.pl\/#website\"},\"datePublished\":\"2016-03-18T09:29:23+00:00\",\"dateModified\":\"2016-03-18T12:45:54+00:00\",\"breadcrumb\":{\"@id\":\"https:\/\/eteron.pl\/en\/cookies-policy\/#breadcrumb\"},\"inLanguage\":\"en-US\",\"potentialAction\":[{\"@type\":\"ReadAction\",\"target\":[\"https:\/\/eteron.pl\/en\/cookies-policy\/\"]}]},{\"@type\":\"BreadcrumbList\",\"@id\":\"https:\/\/eteron.pl\/en\/cookies-policy\/#breadcrumb\",\"itemListElement\":[{\"@type\":\"ListItem\",\"position\":1,\"name\":\"Strona g\u0142\u00f3wna\",\"item\":\"https:\/\/eteron.pl\/en\/\"},{\"@type\":\"ListItem\",\"position\":2,\"name\":\"Cookies Policy\"}]},{\"@type\":\"WebSite\",\"@id\":\"https:\/\/eteron.pl\/#website\",\"url\":\"https:\/\/eteron.pl\/\",\"name\":\"Eteron Sp. z o.o.\",\"description\":\"\",\"potentialAction\":[{\"@type\":\"SearchAction\",\"target\":{\"@type\":\"EntryPoint\",\"urlTemplate\":\"https:\/\/eteron.pl\/?s={search_term_string}\"},\"query-input\":\"required name=search_term_string\"}],\"inLanguage\":\"en-US\"}]}<\/script>\n<!-- \/ Yoast SEO plugin. -->","yoast_head_json":{"title":"Cookies Policy | Eteron Sp. z o.o. [Ltd.]","robots":{"index":"noindex","follow":"nofollow"},"og_locale":"en_US","og_type":"article","og_title":"Cookies Policy | Eteron Sp. z o.o. [Ltd.]","og_description":"Cookies PolicyWhat are Cookies? Cookies are small files saved and stored on your computer, tablet or smartphone while you visiting various webpages. A cookie typically contains the name of its original website, \"lifespan\" (i.e. its designed lifetime) and a randomly generated unique number used to identify the browser used to access the website. Cookies Policy [&hellip;]","og_url":"https:\/\/eteron.pl\/en\/cookies-policy\/","og_site_name":"Eteron Sp. z o.o.","article_modified_time":"2016-03-18T12:45:54+00:00","twitter_misc":{"Est. reading time":"3 minutes"},"schema":{"@context":"https:\/\/schema.org","@graph":[{"@type":"WebPage","@id":"https:\/\/eteron.pl\/en\/cookies-policy\/","url":"https:\/\/eteron.pl\/en\/cookies-policy\/","name":"Cookies Policy | Eteron Sp. z o.o. [Ltd.]","isPartOf":{"@id":"https:\/\/eteron.pl\/#website"},"datePublished":"2016-03-18T09:29:23+00:00","dateModified":"2016-03-18T12:45:54+00:00","breadcrumb":{"@id":"https:\/\/eteron.pl\/en\/cookies-policy\/#breadcrumb"},"inLanguage":"en-US","potentialAction":[{"@type":"ReadAction","target":["https:\/\/eteron.pl\/en\/cookies-policy\/"]}]},{"@type":"BreadcrumbList","@id":"https:\/\/eteron.pl\/en\/cookies-policy\/#breadcrumb","itemListElement":[{"@type":"ListItem","position":1,"name":"Strona g\u0142\u00f3wna","item":"https:\/\/eteron.pl\/en\/"},{"@type":"ListItem","position":2,"name":"Cookies Policy"}]},{"@type":"WebSite","@id":"https:\/\/eteron.pl\/#website","url":"https:\/\/eteron.pl\/","name":"Eteron Sp. z o.o.","description":"","potentialAction":[{"@type":"SearchAction","target":{"@type":"EntryPoint","urlTemplate":"https:\/\/eteron.pl\/?s={search_term_string}"},"query-input":"required name=search_term_string"}],"inLanguage":"en-US"}]}},"_links":{"self":[{"href":"https:\/\/eteron.pl\/en\/wp-json\/wp\/v2\/pages\/459"}],"collection":[{"href":"https:\/\/eteron.pl\/en\/wp-json\/wp\/v2\/pages"}],"about":[{"href":"https:\/\/eteron.pl\/en\/wp-json\/wp\/v2\/types\/page"}],"author":[{"embeddable":true,"href":"https:\/\/eteron.pl\/en\/wp-json\/wp\/v2\/users\/2"}],"replies":[{"embeddable":true,"href":"https:\/\/eteron.pl\/en\/wp-json\/wp\/v2\/comments?post=459"}],"version-history":[{"count":3,"href":"https:\/\/eteron.pl\/en\/wp-json\/wp\/v2\/pages\/459\/revisions"}],"predecessor-version":[{"id":464,"href":"https:\/\/eteron.pl\/en\/wp-json\/wp\/v2\/pages\/459\/revisions\/464"}],"wp:attachment":[{"href":"https:\/\/eteron.pl\/en\/wp-json\/wp\/v2\/media?parent=459"}],"curies":[{"name":"wp","href":"https:\/\/api.w.org\/{rel}","templated":true}]}}